{"id":294,"date":"2015-05-24T10:43:59","date_gmt":"2015-05-24T09:43:59","guid":{"rendered":"https:\/\/www.self-university.org\/verite-sacree\/dup-accueil\/"},"modified":"2016-12-10T22:18:55","modified_gmt":"2016-12-10T20:18:55","slug":"vl1-179vs45","status":"publish","type":"page","link":"https:\/\/www.self-university.org\/verite-sacree\/vl1-179vs45\/","title":{"rendered":"Vid\u00e9o 1 &#8211; Notre repr\u00e9sentation du monde"},"content":{"rendered":"","protected":false},"excerpt":{"rendered":"","protected":false},"author":1,"featured_media":0,"parent":0,"menu_order":1,"comment_status":"open","ping_status":"closed","template":"","meta":{"_exactmetrics_skip_tracking":false,"_exactmetrics_sitenote_active":false,"_exactmetrics_sitenote_note":"","_exactmetrics_sitenote_category":0,"footnotes":""},"class_list":["post-294","page","type-page","status-publish","hentry"],"yoast_head":"<!-- This site is optimized with the Yoast SEO plugin v27.4 - https:\/\/yoast.com\/product\/yoast-seo-wordpress\/ -->\n<title>Vid\u00e9o 1 - Notre repr\u00e9sentation du monde - VERITE SACREE<\/title>\n<meta name=\"robots\" content=\"index, follow, max-snippet:-1, max-image-preview:large, max-video-preview:-1\" \/>\n<link rel=\"canonical\" href=\"https:\/\/www.self-university.org\/verite-sacree\/vl1-179vs45\/\" \/>\n<meta property=\"og:locale\" content=\"fr_FR\" \/>\n<meta property=\"og:type\" content=\"article\" \/>\n<meta property=\"og:title\" content=\"Vid\u00e9o 1 - Notre repr\u00e9sentation du monde - VERITE SACREE\" \/>\n<meta property=\"og:url\" content=\"https:\/\/www.self-university.org\/verite-sacree\/vl1-179vs45\/\" \/>\n<meta property=\"og:site_name\" content=\"VERITE SACREE\" \/>\n<meta property=\"article:modified_time\" content=\"2016-12-10T20:18:55+00:00\" \/>\n<meta property=\"og:image\" content=\"https:\/\/www.self-university.org\/verite-sacree\/wp-content\/themes\/optimizePressTheme\/lib\/assets\/images\/arrows\/arrow-blue-3.png\" \/>\n<meta name=\"twitter:card\" content=\"summary_large_image\" \/>\n<meta name=\"twitter:label1\" content=\"Dur\u00e9e de lecture estim\u00e9e\" \/>\n\t<meta name=\"twitter:data1\" content=\"6 minutes\" \/>\n<script type=\"application\/ld+json\" class=\"yoast-schema-graph\">{\"@context\":\"https:\\\/\\\/schema.org\",\"@graph\":[{\"@type\":\"WebPage\",\"@id\":\"https:\\\/\\\/www.self-university.org\\\/verite-sacree\\\/vl1-179vs45\\\/\",\"url\":\"https:\\\/\\\/www.self-university.org\\\/verite-sacree\\\/vl1-179vs45\\\/\",\"name\":\"Vid\u00e9o 1 - Notre repr\u00e9sentation du monde - VERITE SACREE\",\"isPartOf\":{\"@id\":\"https:\\\/\\\/www.self-university.org\\\/verite-sacree\\\/#website\"},\"primaryImageOfPage\":{\"@id\":\"https:\\\/\\\/www.self-university.org\\\/verite-sacree\\\/vl1-179vs45\\\/#primaryimage\"},\"image\":{\"@id\":\"https:\\\/\\\/www.self-university.org\\\/verite-sacree\\\/vl1-179vs45\\\/#primaryimage\"},\"thumbnailUrl\":\"https:\\\/\\\/www.self-university.org\\\/verite-sacree\\\/wp-content\\\/themes\\\/optimizePressTheme\\\/lib\\\/assets\\\/images\\\/arrows\\\/arrow-blue-3.png\",\"datePublished\":\"2015-05-24T09:43:59+00:00\",\"dateModified\":\"2016-12-10T20:18:55+00:00\",\"breadcrumb\":{\"@id\":\"https:\\\/\\\/www.self-university.org\\\/verite-sacree\\\/vl1-179vs45\\\/#breadcrumb\"},\"inLanguage\":\"fr-FR\",\"potentialAction\":[{\"@type\":\"ReadAction\",\"target\":[\"https:\\\/\\\/www.self-university.org\\\/verite-sacree\\\/vl1-179vs45\\\/\"]}]},{\"@type\":\"ImageObject\",\"inLanguage\":\"fr-FR\",\"@id\":\"https:\\\/\\\/www.self-university.org\\\/verite-sacree\\\/vl1-179vs45\\\/#primaryimage\",\"url\":\"https:\\\/\\\/www.self-university.org\\\/verite-sacree\\\/wp-content\\\/themes\\\/optimizePressTheme\\\/lib\\\/assets\\\/images\\\/arrows\\\/arrow-blue-3.png\",\"contentUrl\":\"https:\\\/\\\/www.self-university.org\\\/verite-sacree\\\/wp-content\\\/themes\\\/optimizePressTheme\\\/lib\\\/assets\\\/images\\\/arrows\\\/arrow-blue-3.png\"},{\"@type\":\"BreadcrumbList\",\"@id\":\"https:\\\/\\\/www.self-university.org\\\/verite-sacree\\\/vl1-179vs45\\\/#breadcrumb\",\"itemListElement\":[{\"@type\":\"ListItem\",\"position\":1,\"name\":\"Accueil\",\"item\":\"https:\\\/\\\/www.self-university.org\\\/verite-sacree\\\/\"},{\"@type\":\"ListItem\",\"position\":2,\"name\":\"Vid\u00e9o 1 &#8211; Notre repr\u00e9sentation du monde\"}]},{\"@type\":\"WebSite\",\"@id\":\"https:\\\/\\\/www.self-university.org\\\/verite-sacree\\\/#website\",\"url\":\"https:\\\/\\\/www.self-university.org\\\/verite-sacree\\\/\",\"name\":\"VERITE SACREE\",\"description\":\"Formation V\u00e9rit\u00e9 Sacr\u00e9e sur self-university.org\",\"potentialAction\":[{\"@type\":\"SearchAction\",\"target\":{\"@type\":\"EntryPoint\",\"urlTemplate\":\"https:\\\/\\\/www.self-university.org\\\/verite-sacree\\\/?s={search_term_string}\"},\"query-input\":{\"@type\":\"PropertyValueSpecification\",\"valueRequired\":true,\"valueName\":\"search_term_string\"}}],\"inLanguage\":\"fr-FR\"}]}<\/script>\n<!-- \/ Yoast SEO plugin. -->","yoast_head_json":{"title":"Vid\u00e9o 1 - Notre repr\u00e9sentation du monde - VERITE SACREE","robots":{"index":"index","follow":"follow","max-snippet":"max-snippet:-1","max-image-preview":"max-image-preview:large","max-video-preview":"max-video-preview:-1"},"canonical":"https:\/\/www.self-university.org\/verite-sacree\/vl1-179vs45\/","og_locale":"fr_FR","og_type":"article","og_title":"Vid\u00e9o 1 - Notre repr\u00e9sentation du monde - VERITE SACREE","og_url":"https:\/\/www.self-university.org\/verite-sacree\/vl1-179vs45\/","og_site_name":"VERITE SACREE","article_modified_time":"2016-12-10T20:18:55+00:00","og_image":[{"url":"https:\/\/www.self-university.org\/verite-sacree\/wp-content\/themes\/optimizePressTheme\/lib\/assets\/images\/arrows\/arrow-blue-3.png","type":"","width":"","height":""}],"twitter_card":"summary_large_image","twitter_misc":{"Dur\u00e9e de lecture estim\u00e9e":"6 minutes"},"schema":{"@context":"https:\/\/schema.org","@graph":[{"@type":"WebPage","@id":"https:\/\/www.self-university.org\/verite-sacree\/vl1-179vs45\/","url":"https:\/\/www.self-university.org\/verite-sacree\/vl1-179vs45\/","name":"Vid\u00e9o 1 - Notre repr\u00e9sentation du monde - VERITE SACREE","isPartOf":{"@id":"https:\/\/www.self-university.org\/verite-sacree\/#website"},"primaryImageOfPage":{"@id":"https:\/\/www.self-university.org\/verite-sacree\/vl1-179vs45\/#primaryimage"},"image":{"@id":"https:\/\/www.self-university.org\/verite-sacree\/vl1-179vs45\/#primaryimage"},"thumbnailUrl":"https:\/\/www.self-university.org\/verite-sacree\/wp-content\/themes\/optimizePressTheme\/lib\/assets\/images\/arrows\/arrow-blue-3.png","datePublished":"2015-05-24T09:43:59+00:00","dateModified":"2016-12-10T20:18:55+00:00","breadcrumb":{"@id":"https:\/\/www.self-university.org\/verite-sacree\/vl1-179vs45\/#breadcrumb"},"inLanguage":"fr-FR","potentialAction":[{"@type":"ReadAction","target":["https:\/\/www.self-university.org\/verite-sacree\/vl1-179vs45\/"]}]},{"@type":"ImageObject","inLanguage":"fr-FR","@id":"https:\/\/www.self-university.org\/verite-sacree\/vl1-179vs45\/#primaryimage","url":"https:\/\/www.self-university.org\/verite-sacree\/wp-content\/themes\/optimizePressTheme\/lib\/assets\/images\/arrows\/arrow-blue-3.png","contentUrl":"https:\/\/www.self-university.org\/verite-sacree\/wp-content\/themes\/optimizePressTheme\/lib\/assets\/images\/arrows\/arrow-blue-3.png"},{"@type":"BreadcrumbList","@id":"https:\/\/www.self-university.org\/verite-sacree\/vl1-179vs45\/#breadcrumb","itemListElement":[{"@type":"ListItem","position":1,"name":"Accueil","item":"https:\/\/www.self-university.org\/verite-sacree\/"},{"@type":"ListItem","position":2,"name":"Vid\u00e9o 1 &#8211; Notre repr\u00e9sentation du monde"}]},{"@type":"WebSite","@id":"https:\/\/www.self-university.org\/verite-sacree\/#website","url":"https:\/\/www.self-university.org\/verite-sacree\/","name":"VERITE SACREE","description":"Formation V\u00e9rit\u00e9 Sacr\u00e9e sur self-university.org","potentialAction":[{"@type":"SearchAction","target":{"@type":"EntryPoint","urlTemplate":"https:\/\/www.self-university.org\/verite-sacree\/?s={search_term_string}"},"query-input":{"@type":"PropertyValueSpecification","valueRequired":true,"valueName":"search_term_string"}}],"inLanguage":"fr-FR"}]}},"_links":{"self":[{"href":"https:\/\/www.self-university.org\/verite-sacree\/wp-json\/wp\/v2\/pages\/294","targetHints":{"allow":["GET"]}}],"collection":[{"href":"https:\/\/www.self-university.org\/verite-sacree\/wp-json\/wp\/v2\/pages"}],"about":[{"href":"https:\/\/www.self-university.org\/verite-sacree\/wp-json\/wp\/v2\/types\/page"}],"author":[{"embeddable":true,"href":"https:\/\/www.self-university.org\/verite-sacree\/wp-json\/wp\/v2\/users\/1"}],"replies":[{"embeddable":true,"href":"https:\/\/www.self-university.org\/verite-sacree\/wp-json\/wp\/v2\/comments?post=294"}],"version-history":[{"count":15,"href":"https:\/\/www.self-university.org\/verite-sacree\/wp-json\/wp\/v2\/pages\/294\/revisions"}],"predecessor-version":[{"id":736,"href":"https:\/\/www.self-university.org\/verite-sacree\/wp-json\/wp\/v2\/pages\/294\/revisions\/736"}],"wp:attachment":[{"href":"https:\/\/www.self-university.org\/verite-sacree\/wp-json\/wp\/v2\/media?parent=294"}],"curies":[{"name":"wp","href":"https:\/\/api.w.org\/{rel}","templated":true}]}}